{"id":7422,"date":"2023-12-08T10:12:00","date_gmt":"2023-12-08T13:12:00","guid":{"rendered":"https:\/\/soodermaria.org\/v1\/?page_id=7422"},"modified":"2023-12-18T20:11:24","modified_gmt":"2023-12-18T23:11:24","slug":"fundacao-sooder-maria-realiza-natal-de-rua-na-comunidade-jardim-do-amor-em-caucaia","status":"publish","type":"page","link":"https:\/\/soodermaria.org\/v1\/pt\/fundacao-sooder-maria-realiza-natal-de-rua-na-comunidade-jardim-do-amor-em-caucaia\/","title":{"rendered":"Funda\u00e7\u200b\u00e3o Sooder Maria realiza Natal de rua na comunidade Jardim do Amor em Caucaia"},"content":{"rendered":"\t\t<div data-elementor-type=\"wp-page\" data-elementor-id=\"7422\" class=\"elementor elementor-7422\">\n\t\t\t\t\t\t\t\t\t<section class=\"elementor-section elementor-top-section elementor-element elementor-element-cc17f59 elementor-section-boxed elementor-section-height-default elementor-section-height-default\" data-id=\"cc17f59\" data-element_type=\"section\">\n\t\t\t\t\t\t<div class=\"elementor-container elementor-column-gap-default\">\n\t\t\t\t\t<div class=\"elementor-column elementor-col-100 elementor-top-column elementor-element elementor-element-a0c7b24\" data-id=\"a0c7b24\" data-element_type=\"column\">\n\t\t\t<div class=\"elementor-widget-wrap elementor-element-populated\">\n\t\t\t\t\t\t\t\t<div class=\"elementor-element elementor-element-5dac17b elementor-widget elementor-widget-heading\" data-id=\"5dac17b\" data-element_type=\"widget\" data-widget_type=\"heading.default\">\n\t\t\t\t<div class=\"elementor-widget-container\">\n\t\t\t<style>\/*! elementor - v3.18.0 - 06-12-2023 *\/\n.elementor-heading-title{padding:0;margin:0;line-height:1}.elementor-widget-heading .elementor-heading-title[class*=elementor-size-]>a{color:inherit;font-size:inherit;line-height:inherit}.elementor-widget-heading .elementor-heading-title.elementor-size-small{font-size:15px}.elementor-widget-heading .elementor-heading-title.elementor-size-medium{font-size:19px}.elementor-widget-heading .elementor-heading-title.elementor-size-large{font-size:29px}.elementor-widget-heading .elementor-heading-title.elementor-size-xl{font-size:39px}.elementor-widget-heading .elementor-heading-title.elementor-size-xxl{font-size:59px}<\/style><h2 class=\"elementor-heading-title elementor-size-default\">Funda\u00e7\u200b\u00e3o Sooder Maria realiza Natal de rua na comunidade Jardim do Amor, em Caucaia<\/h2>\t\t<\/div>\n\t\t\t\t<\/div>\n\t\t\t\t<div class=\"elementor-element elementor-element-2a2200a elementor-widget-divider--view-line elementor-widget elementor-widget-divider\" data-id=\"2a2200a\" data-element_type=\"widget\" data-widget_type=\"divider.default\">\n\t\t\t\t<div class=\"elementor-widget-container\">\n\t\t\t<style>\/*! elementor - v3.18.0 - 06-12-2023 *\/\n.elementor-widget-divider{--divider-border-style:none;--divider-border-width:1px;--divider-color:#0c0d0e;--divider-icon-size:20px;--divider-element-spacing:10px;--divider-pattern-height:24px;--divider-pattern-size:20px;--divider-pattern-url:none;--divider-pattern-repeat:repeat-x}.elementor-widget-divider .elementor-divider{display:flex}.elementor-widget-divider .elementor-divider__text{font-size:15px;line-height:1;max-width:95%}.elementor-widget-divider .elementor-divider__element{margin:0 var(--divider-element-spacing);flex-shrink:0}.elementor-widget-divider .elementor-icon{font-size:var(--divider-icon-size)}.elementor-widget-divider .elementor-divider-separator{display:flex;margin:0;direction:ltr}.elementor-widget-divider--view-line_icon .elementor-divider-separator,.elementor-widget-divider--view-line_text .elementor-divider-separator{align-items:center}.elementor-widget-divider--view-line_icon .elementor-divider-separator:after,.elementor-widget-divider--view-line_icon .elementor-divider-separator:before,.elementor-widget-divider--view-line_text .elementor-divider-separator:after,.elementor-widget-divider--view-line_text .elementor-divider-separator:before{display:block;content:\"\";border-bottom:0;flex-grow:1;border-top:var(--divider-border-width) var(--divider-border-style) var(--divider-color)}.elementor-widget-divider--element-align-left .elementor-divider .elementor-divider-separator>.elementor-divider__svg:first-of-type{flex-grow:0;flex-shrink:100}.elementor-widget-divider--element-align-left .elementor-divider-separator:before{content:none}.elementor-widget-divider--element-align-left .elementor-divider__element{margin-left:0}.elementor-widget-divider--element-align-right .elementor-divider .elementor-divider-separator>.elementor-divider__svg:last-of-type{flex-grow:0;flex-shrink:100}.elementor-widget-divider--element-align-right .elementor-divider-separator:after{content:none}.elementor-widget-divider--element-align-right .elementor-divider__element{margin-right:0}.elementor-widget-divider:not(.elementor-widget-divider--view-line_text):not(.elementor-widget-divider--view-line_icon) .elementor-divider-separator{border-top:var(--divider-border-width) var(--divider-border-style) var(--divider-color)}.elementor-widget-divider--separator-type-pattern{--divider-border-style:none}.elementor-widget-divider--separator-type-pattern.elementor-widget-divider--view-line .elementor-divider-separator,.elementor-widget-divider--separator-type-pattern:not(.elementor-widget-divider--view-line) .elementor-divider-separator:after,.elementor-widget-divider--separator-type-pattern:not(.elementor-widget-divider--view-line) .elementor-divider-separator:before,.elementor-widget-divider--separator-type-pattern:not([class*=elementor-widget-divider--view]) .elementor-divider-separator{width:100%;min-height:var(--divider-pattern-height);-webkit-mask-size:var(--divider-pattern-size) 100%;mask-size:var(--divider-pattern-size) 100%;-webkit-mask-repeat:var(--divider-pattern-repeat);mask-repeat:var(--divider-pattern-repeat);background-color:var(--divider-color);-webkit-mask-image:var(--divider-pattern-url);mask-image:var(--divider-pattern-url)}.elementor-widget-divider--no-spacing{--divider-pattern-size:auto}.elementor-widget-divider--bg-round{--divider-pattern-repeat:round}.rtl .elementor-widget-divider .elementor-divider__text{direction:rtl}.e-con-inner>.elementor-widget-divider,.e-con>.elementor-widget-divider{width:var(--container-widget-width,100%);--flex-grow:var(--container-widget-flex-grow)}<\/style>\t\t<div class=\"elementor-divider\">\n\t\t\t<span class=\"elementor-divider-separator\">\n\t\t\t\t\t\t<\/span>\n\t\t<\/div>\n\t\t\t\t<\/div>\n\t\t\t\t<\/div>\n\t\t\t\t<div class=\"elementor-element elementor-element-d57ee72 elementor-widget elementor-widget-text-editor\" data-id=\"d57ee72\" data-element_type=\"widget\" data-widget_type=\"text-editor.default\">\n\t\t\t\t<div class=\"elementor-widget-container\">\n\t\t\t<style>\/*! elementor - v3.18.0 - 06-12-2023 *\/\n.elementor-widget-text-editor.elementor-drop-cap-view-stacked .elementor-drop-cap{background-color:#69727d;color:#fff}.elementor-widget-text-editor.elementor-drop-cap-view-framed .elementor-drop-cap{color:#69727d;border:3px solid;background-color:transparent}.elementor-widget-text-editor:not(.elementor-drop-cap-view-default) .elementor-drop-cap{margin-top:8px}.elementor-widget-text-editor:not(.elementor-drop-cap-view-default) .elementor-drop-cap-letter{width:1em;height:1em}.elementor-widget-text-editor .elementor-drop-cap{float:left;text-align:center;line-height:1;font-size:50px}.elementor-widget-text-editor .elementor-drop-cap-letter{display:inline-block}<\/style>\t\t\t\t<p><span style=\"color: var( --e-global-color-text );\">&#8220;Nunca deixe de sonhar&#8221; Disse Maria Sooder ao entregar a chave da casa ao Papai Noel.<\/span><\/p>\t\t\t\t\t\t<\/div>\n\t\t\t\t<\/div>\n\t\t\t\t\t<\/div>\n\t\t<\/div>\n\t\t\t\t\t\t\t<\/div>\n\t\t<\/section>\n\t\t\t\t<section class=\"elementor-section elementor-top-section elementor-element elementor-element-f1a5b98 elementor-section-boxed elementor-section-height-default elementor-section-height-default\" data-id=\"f1a5b98\" data-element_type=\"section\">\n\t\t\t\t\t\t<div class=\"elementor-container elementor-column-gap-default\">\n\t\t\t\t\t<div class=\"elementor-column elementor-col-66 elementor-top-column elementor-element elementor-element-6840bc2\" data-id=\"6840bc2\" data-element_type=\"column\">\n\t\t\t<div class=\"elementor-widget-wrap elementor-element-populated\">\n\t\t\t\t\t\t\t\t<div class=\"elementor-element elementor-element-6243fe6 elementor-widget elementor-widget-image\" data-id=\"6243fe6\" data-element_type=\"widget\" data-widget_type=\"image.default\">\n\t\t\t\t<div class=\"elementor-widget-container\">\n\t\t\t<style>\/*! elementor - v3.18.0 - 06-12-2023 *\/\n.elementor-widget-image{text-align:center}.elementor-widget-image a{display:inline-block}.elementor-widget-image a img[src$=\".svg\"]{width:48px}.elementor-widget-image img{vertical-align:middle;display:inline-block}<\/style>\t\t\t\t\t\t\t\t\t\t\t\t<img fetchpriority=\"high\" decoding=\"async\" width=\"950\" height=\"634\" src=\"https:\/\/soodermaria.org\/v1\/wp-content\/uploads\/2023\/12\/WhatsApp-Image-2023-12-11-at-14.27.04-1024x683.jpeg\" class=\"attachment-large size-large wp-image-9205\" alt=\"\" srcset=\"https:\/\/soodermaria.org\/v1\/wp-content\/uploads\/2023\/12\/WhatsApp-Image-2023-12-11-at-14.27.04-1024x683.jpeg 1024w, https:\/\/soodermaria.org\/v1\/wp-content\/uploads\/2023\/12\/WhatsApp-Image-2023-12-11-at-14.27.04-300x200.jpeg 300w, https:\/\/soodermaria.org\/v1\/wp-content\/uploads\/2023\/12\/WhatsApp-Image-2023-12-11-at-14.27.04.jpeg 1200w\" sizes=\"100vw\" \/>\t\t\t\t\t\t\t\t\t\t\t\t\t\t\t<\/div>\n\t\t\t\t<\/div>\n\t\t\t\t\t<\/div>\n\t\t<\/div>\n\t\t\t\t<div class=\"elementor-column elementor-col-33 elementor-top-column elementor-element elementor-element-461f477\" data-id=\"461f477\" data-element_type=\"column\">\n\t\t\t<div class=\"elementor-widget-wrap elementor-element-populated\">\n\t\t\t\t\t\t\t\t<div class=\"elementor-element elementor-element-3510e0a elementor-widget elementor-widget-text-editor\" data-id=\"3510e0a\" data-element_type=\"widget\" data-widget_type=\"text-editor.default\">\n\t\t\t\t<div class=\"elementor-widget-container\">\n\t\t\t\t\t\t\t<p>A Funda\u00e7\u00e3o Sooder Maria realizou a abertura do Natal especial da funda\u00e7\u00e3o que vem encantando a comunidade do Jardim do Amor, em Caucaia, ao longo dos \u00faltimos anos. A tradicional festividade natalina, promovida pela funda\u00e7\u00e3o, proporciona alegria e conta com a participa\u00e7\u00e3o de personagens especiais, al\u00e9m da casa do Papai Noel.<\/p>\t\t\t\t\t\t<\/div>\n\t\t\t\t<\/div>\n\t\t\t\t\t<\/div>\n\t\t<\/div>\n\t\t\t\t\t\t\t<\/div>\n\t\t<\/section>\n\t\t\t\t<section class=\"elementor-section elementor-top-section elementor-element elementor-element-653c865 elementor-section-boxed elementor-section-height-default elementor-section-height-default\" data-id=\"653c865\" data-element_type=\"section\">\n\t\t\t\t\t\t<div class=\"elementor-container elementor-column-gap-default\">\n\t\t\t\t\t<div class=\"elementor-column elementor-col-100 elementor-top-column elementor-element elementor-element-529c6cd\" data-id=\"529c6cd\" data-element_type=\"column\">\n\t\t\t<div class=\"elementor-widget-wrap elementor-element-populated\">\n\t\t\t\t\t\t\t\t<div class=\"elementor-element elementor-element-00ca3f3 elementor-widget elementor-widget-video\" data-id=\"00ca3f3\" data-element_type=\"widget\" data-settings=\"{&quot;youtube_url&quot;:&quot;https:\\\/\\\/www.youtube.com\\\/watch?v=rLfqHZn9c2g&amp;t=2s&quot;,&quot;video_type&quot;:&quot;youtube&quot;,&quot;controls&quot;:&quot;yes&quot;}\" data-widget_type=\"video.default\">\n\t\t\t\t<div class=\"elementor-widget-container\">\n\t\t\t<style>\/*! elementor - v3.18.0 - 06-12-2023 *\/\n.elementor-widget-video .elementor-widget-container{overflow:hidden;transform:translateZ(0)}.elementor-widget-video .elementor-wrapper{aspect-ratio:var(--video-aspect-ratio)}.elementor-widget-video .elementor-wrapper iframe,.elementor-widget-video .elementor-wrapper video{height:100%;width:100%;display:flex;border:none;background-color:#000}@supports not (aspect-ratio:1\/1){.elementor-widget-video .elementor-wrapper{position:relative;overflow:hidden;height:0;padding-bottom:calc(100% \/ var(--video-aspect-ratio))}.elementor-widget-video .elementor-wrapper iframe,.elementor-widget-video .elementor-wrapper video{position:absolute;top:0;right:0;bottom:0;left:0}}.elementor-widget-video .elementor-open-inline .elementor-custom-embed-image-overlay{position:absolute;top:0;right:0;bottom:0;left:0;background-size:cover;background-position:50%}.elementor-widget-video .elementor-custom-embed-image-overlay{cursor:pointer;text-align:center}.elementor-widget-video .elementor-custom-embed-image-overlay:hover .elementor-custom-embed-play i{opacity:1}.elementor-widget-video .elementor-custom-embed-image-overlay img{display:block;width:100%;aspect-ratio:var(--video-aspect-ratio);-o-object-fit:cover;object-fit:cover;-o-object-position:center center;object-position:center center}@supports not (aspect-ratio:1\/1){.elementor-widget-video .elementor-custom-embed-image-overlay{position:relative;overflow:hidden;height:0;padding-bottom:calc(100% \/ var(--video-aspect-ratio))}.elementor-widget-video .elementor-custom-embed-image-overlay img{position:absolute;top:0;right:0;bottom:0;left:0}}.elementor-widget-video .e-hosted-video .elementor-video{-o-object-fit:cover;object-fit:cover}.e-con-inner>.elementor-widget-video,.e-con>.elementor-widget-video{width:var(--container-widget-width);--flex-grow:var(--container-widget-flex-grow)}<\/style>\t\t<div class=\"elementor-wrapper elementor-open-inline\">\n\t\t\t<div class=\"elementor-video\"><\/div>\t\t<\/div>\n\t\t\t\t<\/div>\n\t\t\t\t<\/div>\n\t\t\t\t\t<\/div>\n\t\t<\/div>\n\t\t\t\t\t\t\t<\/div>\n\t\t<\/section>\n\t\t\t\t<section class=\"elementor-section elementor-top-section elementor-element elementor-element-152f9fa elementor-section-boxed elementor-section-height-default elementor-section-height-default\" data-id=\"152f9fa\" data-element_type=\"section\">\n\t\t\t\t\t\t<div class=\"elementor-container elementor-column-gap-default\">\n\t\t\t\t\t<div class=\"elementor-column elementor-col-33 elementor-top-column elementor-element elementor-element-d4a7d60\" data-id=\"d4a7d60\" data-element_type=\"column\">\n\t\t\t<div class=\"elementor-widget-wrap elementor-element-populated\">\n\t\t\t\t\t\t\t\t<div class=\"elementor-element elementor-element-c758712 elementor-widget elementor-widget-text-editor\" data-id=\"c758712\" data-element_type=\"widget\" data-widget_type=\"text-editor.default\">\n\t\t\t\t<div class=\"elementor-widget-container\">\n\t\t\t\t\t\t\t<p>O espet\u00e1culo come\u00e7ou com a chegada do Papai Noel, desfilando pela comunidade, seguido por um efeito de neve que adicionou encanto ao ambiente. A fundadora da ONG, Maria Sodder, foi respons\u00e1vel por entregar a chave da Casa do Papai Noel, encantando crian\u00e7as, jovens e adultos.<\/p>\t\t\t\t\t\t<\/div>\n\t\t\t\t<\/div>\n\t\t\t\t\t<\/div>\n\t\t<\/div>\n\t\t\t\t<div class=\"elementor-column elementor-col-66 elementor-top-column elementor-element elementor-element-bafec74\" data-id=\"bafec74\" data-element_type=\"column\">\n\t\t\t<div class=\"elementor-widget-wrap elementor-element-populated\">\n\t\t\t\t\t\t\t\t<div class=\"elementor-element elementor-element-75a58af elementor-widget elementor-widget-image\" data-id=\"75a58af\" data-element_type=\"widget\" data-widget_type=\"image.default\">\n\t\t\t\t<div class=\"elementor-widget-container\">\n\t\t\t\t\t\t\t\t\t\t\t\t\t\t\t<img decoding=\"async\" width=\"950\" height=\"634\" src=\"https:\/\/soodermaria.org\/v1\/wp-content\/uploads\/2023\/12\/DSC00798-1-1024x683.jpg\" class=\"attachment-large size-large wp-image-6570\" alt=\"\" srcset=\"https:\/\/soodermaria.org\/v1\/wp-content\/uploads\/2023\/12\/DSC00798-1-1024x683.jpg 1024w, https:\/\/soodermaria.org\/v1\/wp-content\/uploads\/2023\/12\/DSC00798-1-300x200.jpg 300w, https:\/\/soodermaria.org\/v1\/wp-content\/uploads\/2023\/12\/DSC00798-1-2000x1333.jpg 2000w, https:\/\/soodermaria.org\/v1\/wp-content\/uploads\/2023\/12\/DSC00798-1-scaled-1536x1024.jpg 1536w, https:\/\/soodermaria.org\/v1\/wp-content\/uploads\/2023\/12\/DSC00798-1-scaled-2048x1366.jpg 2048w\" sizes=\"100vw\" \/>\t\t\t\t\t\t\t\t\t\t\t\t\t\t\t<\/div>\n\t\t\t\t<\/div>\n\t\t\t\t\t<\/div>\n\t\t<\/div>\n\t\t\t\t\t\t\t<\/div>\n\t\t<\/section>\n\t\t\t\t<section class=\"elementor-section elementor-top-section elementor-element elementor-element-9ba802d elementor-section-boxed elementor-section-height-default elementor-section-height-default\" data-id=\"9ba802d\" data-element_type=\"section\">\n\t\t\t\t\t\t<div class=\"elementor-container elementor-column-gap-default\">\n\t\t\t\t\t<div class=\"elementor-column elementor-col-50 elementor-top-column elementor-element elementor-element-ce6af98\" data-id=\"ce6af98\" data-element_type=\"column\">\n\t\t\t<div class=\"elementor-widget-wrap elementor-element-populated\">\n\t\t\t\t\t\t\t\t<div class=\"elementor-element elementor-element-0314f79 elementor-widget elementor-widget-text-editor\" data-id=\"0314f79\" data-element_type=\"widget\" data-widget_type=\"text-editor.default\">\n\t\t\t\t<div class=\"elementor-widget-container\">\n\t\t\t\t\t\t\t<p>A decora\u00e7\u00e3o natalina transformou a principal rua da comunidade em um espet\u00e1culo de luzes e cores. As crian\u00e7as foram recebidas com alegres atra\u00e7\u00f5es musicais, um desfile em carro aberto, lanches e uma s\u00e9rie de surpresas preparadas pela Funda\u00e7\u00e3o.<\/p><p>As visitas acontecem at\u00e9 o dia 23 dezembro, com outra grande parada natalina.<\/p>\t\t\t\t\t\t<\/div>\n\t\t\t\t<\/div>\n\t\t\t\t\t<\/div>\n\t\t<\/div>\n\t\t\t\t<div class=\"elementor-column elementor-col-50 elementor-top-column elementor-element elementor-element-965cb8b\" data-id=\"965cb8b\" data-element_type=\"column\">\n\t\t\t<div class=\"elementor-widget-wrap elementor-element-populated\">\n\t\t\t\t\t\t\t\t<div class=\"elementor-element elementor-element-77ce610 elementor-widget elementor-widget-image\" data-id=\"77ce610\" data-element_type=\"widget\" data-widget_type=\"image.default\">\n\t\t\t\t<div class=\"elementor-widget-container\">\n\t\t\t\t\t\t\t\t\t\t\t\t\t\t\t<img decoding=\"async\" width=\"950\" height=\"634\" src=\"https:\/\/soodermaria.org\/v1\/wp-content\/uploads\/2023\/12\/DSC00288-2-1024x683.jpg\" class=\"attachment-large size-large wp-image-7019\" alt=\"\" srcset=\"https:\/\/soodermaria.org\/v1\/wp-content\/uploads\/2023\/12\/DSC00288-2-1024x683.jpg 1024w, https:\/\/soodermaria.org\/v1\/wp-content\/uploads\/2023\/12\/DSC00288-2-300x200.jpg 300w, https:\/\/soodermaria.org\/v1\/wp-content\/uploads\/2023\/12\/DSC00288-2-2000x1333.jpg 2000w, https:\/\/soodermaria.org\/v1\/wp-content\/uploads\/2023\/12\/DSC00288-2-scaled-1536x1024.jpg 1536w, https:\/\/soodermaria.org\/v1\/wp-content\/uploads\/2023\/12\/DSC00288-2-scaled-2048x1366.jpg 2048w\" sizes=\"100vw\" \/>\t\t\t\t\t\t\t\t\t\t\t\t\t\t\t<\/div>\n\t\t\t\t<\/div>\n\t\t\t\t\t<\/div>\n\t\t<\/div>\n\t\t\t\t\t\t\t<\/div>\n\t\t<\/section>\n\t\t\t\t\t\t\t<\/div>\n\t\t","protected":false},"excerpt":{"rendered":"<p>Funda\u00e7\u200b\u00e3o Sooder Maria realiza Natal de rua na comunidade Jardim do Amor, em Caucaia &#8220;Nunca deixe de sonhar&#8221; Disse Maria Sooder ao entregar a chave da casa ao Papai Noel. A Funda\u00e7\u00e3o Sooder Maria realizou a abertura do Natal especial da funda\u00e7\u00e3o que vem encantando a comunidade do Jardim do Amor, em Caucaia, ao longo &hellip; <\/p>\n<p class=\"link-more\"><a href=\"https:\/\/soodermaria.org\/v1\/pt\/fundacao-sooder-maria-realiza-natal-de-rua-na-comunidade-jardim-do-amor-em-caucaia\/\" class=\"more-link\">Read more<span class=\"screen-reader-text\"> &#8220;Funda\u00e7\u200b\u00e3o Sooder Maria realiza Natal de rua na comunidade Jardim do Amor em Caucaia&#8221;<\/span><\/a><\/p>\n","protected":false},"author":2,"featured_media":0,"parent":0,"menu_order":0,"comment_status":"closed","ping_status":"closed","template":"","meta":{"om_disable_all_campaigns":false,"inline_featured_image":false,"_mi_skip_tracking":false,"_monsterinsights_sitenote_active":false,"_monsterinsights_sitenote_note":"","_monsterinsights_sitenote_category":0,"footnotes":""},"class_list":["post-7422","page","type-page","status-publish","hentry"],"aioseo_notices":[],"_links":{"self":[{"href":"https:\/\/soodermaria.org\/v1\/wp-json\/wp\/v2\/pages\/7422","targetHints":{"allow":["GET"]}}],"collection":[{"href":"https:\/\/soodermaria.org\/v1\/wp-json\/wp\/v2\/pages"}],"about":[{"href":"https:\/\/soodermaria.org\/v1\/wp-json\/wp\/v2\/types\/page"}],"author":[{"embeddable":true,"href":"https:\/\/soodermaria.org\/v1\/wp-json\/wp\/v2\/users\/2"}],"replies":[{"embeddable":true,"href":"https:\/\/soodermaria.org\/v1\/wp-json\/wp\/v2\/comments?post=7422"}],"version-history":[{"count":37,"href":"https:\/\/soodermaria.org\/v1\/wp-json\/wp\/v2\/pages\/7422\/revisions"}],"predecessor-version":[{"id":10139,"href":"https:\/\/soodermaria.org\/v1\/wp-json\/wp\/v2\/pages\/7422\/revisions\/10139"}],"wp:attachment":[{"href":"https:\/\/soodermaria.org\/v1\/wp-json\/wp\/v2\/media?parent=7422"}],"curies":[{"name":"wp","href":"https:\/\/api.w.org\/{rel}","templated":true}]}}