{"id":8474,"date":"2023-12-11T13:59:59","date_gmt":"2023-12-11T16:59:59","guid":{"rendered":"https:\/\/soodermaria.org\/v1\/?page_id=8474"},"modified":"2023-12-16T16:45:14","modified_gmt":"2023-12-16T19:45:14","slug":"noticias","status":"publish","type":"page","link":"https:\/\/soodermaria.org\/v1\/pt\/noticias\/","title":{"rendered":"Not\u00edcias"},"content":{"rendered":"\t\t<div data-elementor-type=\"wp-page\" data-elementor-id=\"8474\" class=\"elementor elementor-8474\">\n\t\t\t\t\t\t\t\t\t<section class=\"elementor-section elementor-top-section elementor-element elementor-element-69026e5 elementor-section-boxed elementor-section-height-default elementor-section-height-default\" data-id=\"69026e5\" data-element_type=\"section\">\n\t\t\t\t\t\t<div class=\"elementor-container elementor-column-gap-default\">\n\t\t\t\t\t<div class=\"elementor-column elementor-col-33 elementor-top-column elementor-element elementor-element-37fee75\" data-id=\"37fee75\" data-element_type=\"column\">\n\t\t\t<div class=\"elementor-widget-wrap elementor-element-populated\">\n\t\t\t\t\t\t\t\t<div class=\"elementor-element elementor-element-3198cff elementor-widget elementor-widget-image\" data-id=\"3198cff\" data-element_type=\"widget\" data-widget_type=\"image.default\">\n\t\t\t\t<div class=\"elementor-widget-container\">\n\t\t\t<style>\/*! elementor - v3.18.0 - 06-12-2023 *\/\n.elementor-widget-image{text-align:center}.elementor-widget-image a{display:inline-block}.elementor-widget-image a img[src$=\".svg\"]{width:48px}.elementor-widget-image img{vertical-align:middle;display:inline-block}<\/style>\t\t\t\t\t\t\t\t\t\t\t\t<img fetchpriority=\"high\" decoding=\"async\" width=\"950\" height=\"634\" src=\"https:\/\/soodermaria.org\/v1\/wp-content\/uploads\/2023\/12\/WhatsApp-Image-2023-12-15-at-15.56.32-1024x683.jpeg\" class=\"attachment-large size-large wp-image-9284\" alt=\"\" srcset=\"https:\/\/soodermaria.org\/v1\/wp-content\/uploads\/2023\/12\/WhatsApp-Image-2023-12-15-at-15.56.32-1024x683.jpeg 1024w, https:\/\/soodermaria.org\/v1\/wp-content\/uploads\/2023\/12\/WhatsApp-Image-2023-12-15-at-15.56.32-300x200.jpeg 300w, https:\/\/soodermaria.org\/v1\/wp-content\/uploads\/2023\/12\/WhatsApp-Image-2023-12-15-at-15.56.32.jpeg 1080w\" sizes=\"100vw\" \/>\t\t\t\t\t\t\t\t\t\t\t\t\t\t\t<\/div>\n\t\t\t\t<\/div>\n\t\t\t\t<div class=\"elementor-element elementor-element-2bfea05 elementor-widget elementor-widget-heading\" data-id=\"2bfea05\" data-element_type=\"widget\" data-widget_type=\"heading.default\">\n\t\t\t\t<div class=\"elementor-widget-container\">\n\t\t\t<style>\/*! elementor - v3.18.0 - 06-12-2023 *\/\n.elementor-heading-title{padding:0;margin:0;line-height:1}.elementor-widget-heading .elementor-heading-title[class*=elementor-size-]>a{color:inherit;font-size:inherit;line-height:inherit}.elementor-widget-heading .elementor-heading-title.elementor-size-small{font-size:15px}.elementor-widget-heading .elementor-heading-title.elementor-size-medium{font-size:19px}.elementor-widget-heading .elementor-heading-title.elementor-size-large{font-size:29px}.elementor-widget-heading .elementor-heading-title.elementor-size-xl{font-size:39px}.elementor-widget-heading .elementor-heading-title.elementor-size-xxl{font-size:59px}<\/style><h4 class=\"elementor-heading-title elementor-size-default\">Com mais de 12 horas de programa\u00e7\u00e3o, vig\u00edlia Luz Divina ter\u00e1 transmiss\u00e3o ao vivo no Youtube<\/h4>\t\t<\/div>\n\t\t\t\t<\/div>\n\t\t\t\t<div class=\"elementor-element elementor-element-605a4af elementor-widget elementor-widget-text-editor\" data-id=\"605a4af\" data-element_type=\"widget\" data-widget_type=\"text-editor.default\">\n\t\t\t\t<div class=\"elementor-widget-container\">\n\t\t\t<style>\/*! elementor - v3.18.0 - 06-12-2023 *\/\n.elementor-widget-text-editor.elementor-drop-cap-view-stacked .elementor-drop-cap{background-color:#69727d;color:#fff}.elementor-widget-text-editor.elementor-drop-cap-view-framed .elementor-drop-cap{color:#69727d;border:3px solid;background-color:transparent}.elementor-widget-text-editor:not(.elementor-drop-cap-view-default) .elementor-drop-cap{margin-top:8px}.elementor-widget-text-editor:not(.elementor-drop-cap-view-default) .elementor-drop-cap-letter{width:1em;height:1em}.elementor-widget-text-editor .elementor-drop-cap{float:left;text-align:center;line-height:1;font-size:50px}.elementor-widget-text-editor .elementor-drop-cap-letter{display:inline-block}<\/style>\t\t\t\t<p>Evento idealizado por Maria Sooder receber\u00e1 grandes nomes da m\u00fasica gospel e contar\u00e1 com participa\u00e7\u00e3o de apresentadores da TV Globo. A 3\u00aa edi\u00e7\u00e3o da Vig\u00edlia Luz Divina, evento que reunir\u00e1 renomados artistas do cen\u00e1rio gospel nacional em um momento \u00fanico de louvor e proximidade com Deus&#8230;<\/p>\t\t\t\t\t\t<\/div>\n\t\t\t\t<\/div>\n\t\t\t\t<div class=\"elementor-element elementor-element-24a2bcd elementor-button-info elementor-align-center elementor-mobile-align-center elementor-widget elementor-widget-button\" data-id=\"24a2bcd\" data-element_type=\"widget\" data-widget_type=\"button.default\">\n\t\t\t\t<div class=\"elementor-widget-container\">\n\t\t\t\t\t<div class=\"elementor-button-wrapper\">\n\t\t\t<a class=\"elementor-button elementor-button-link elementor-size-md\" href=\"https:\/\/soodermaria.org\/v1\/pt\/com-mais-de-12-horas-de-programacao-vigilia-luz-divina-tera-transmissao-ao-vivo-no-youtube\/\">\n\t\t\t\t\t\t<span class=\"elementor-button-content-wrapper\">\n\t\t\t\t\t\t<span class=\"elementor-button-text\">Saiba Mais<\/span>\n\t\t<\/span>\n\t\t\t\t\t<\/a>\n\t\t<\/div>\n\t\t\t\t<\/div>\n\t\t\t\t<\/div>\n\t\t\t\t\t<\/div>\n\t\t<\/div>\n\t\t\t\t<div class=\"elementor-column elementor-col-33 elementor-top-column elementor-element elementor-element-11ec996\" data-id=\"11ec996\" data-element_type=\"column\">\n\t\t\t<div class=\"elementor-widget-wrap elementor-element-populated\">\n\t\t\t\t\t\t\t\t<div class=\"elementor-element elementor-element-3b24ec2 elementor-widget elementor-widget-image\" data-id=\"3b24ec2\" data-element_type=\"widget\" data-widget_type=\"image.default\">\n\t\t\t\t<div class=\"elementor-widget-container\">\n\t\t\t\t\t\t\t\t\t\t\t\t\t\t\t<img decoding=\"async\" width=\"950\" height=\"634\" src=\"https:\/\/soodermaria.org\/v1\/wp-content\/uploads\/2023\/12\/WhatsApp-Image-2023-12-14-at-12.48.47-1024x683.jpeg\" class=\"attachment-large size-large wp-image-9198\" alt=\"\" srcset=\"https:\/\/soodermaria.org\/v1\/wp-content\/uploads\/2023\/12\/WhatsApp-Image-2023-12-14-at-12.48.47-1024x683.jpeg 1024w, https:\/\/soodermaria.org\/v1\/wp-content\/uploads\/2023\/12\/WhatsApp-Image-2023-12-14-at-12.48.47-300x200.jpeg 300w, https:\/\/soodermaria.org\/v1\/wp-content\/uploads\/2023\/12\/WhatsApp-Image-2023-12-14-at-12.48.47.jpeg 1080w\" sizes=\"100vw\" \/>\t\t\t\t\t\t\t\t\t\t\t\t\t\t\t<\/div>\n\t\t\t\t<\/div>\n\t\t\t\t<div class=\"elementor-element elementor-element-cad19bc elementor-widget elementor-widget-heading\" data-id=\"cad19bc\" data-element_type=\"widget\" data-widget_type=\"heading.default\">\n\t\t\t\t<div class=\"elementor-widget-container\">\n\t\t\t<h4 class=\"elementor-heading-title elementor-size-default\">Gabriela Rocha \u00e9 confirmada na 3\u00aa edi\u00e7\u00e3o da vig\u00edlia Luz Divina\n<\/h4>\t\t<\/div>\n\t\t\t\t<\/div>\n\t\t\t\t<div class=\"elementor-element elementor-element-20326fa elementor-widget elementor-widget-text-editor\" data-id=\"20326fa\" data-element_type=\"widget\" data-widget_type=\"text-editor.default\">\n\t\t\t\t<div class=\"elementor-widget-container\">\n\t\t\t\t\t\t\t<p>Evento organizado por Maria Sooder acontecer\u00e1 no dia 16 de dezembro em Caucaia e contar\u00e1 com transmiss\u00e3o pelo YouTube.\u00a0 A Vig\u00edlia Luz Divina 3 reunir\u00e1 grandes nomes do cen\u00e1rio gospel nacional em um momento \u00fanico de louvor e proximidade com Deus.\u00a0<\/p>\t\t\t\t\t\t<\/div>\n\t\t\t\t<\/div>\n\t\t\t\t<div class=\"elementor-element elementor-element-65b7511 elementor-button-info elementor-align-center elementor-mobile-align-center elementor-widget elementor-widget-button\" data-id=\"65b7511\" data-element_type=\"widget\" data-widget_type=\"button.default\">\n\t\t\t\t<div class=\"elementor-widget-container\">\n\t\t\t\t\t<div class=\"elementor-button-wrapper\">\n\t\t\t<a class=\"elementor-button elementor-button-link elementor-size-md\" href=\"https:\/\/soodermaria.org\/v1\/pt\/gabriela-rocha-e-confirmada-na-3a-edicao-da-vigilia-luz-divina\/\">\n\t\t\t\t\t\t<span class=\"elementor-button-content-wrapper\">\n\t\t\t\t\t\t<span class=\"elementor-button-text\">Saiba Mais<\/span>\n\t\t<\/span>\n\t\t\t\t\t<\/a>\n\t\t<\/div>\n\t\t\t\t<\/div>\n\t\t\t\t<\/div>\n\t\t\t\t\t<\/div>\n\t\t<\/div>\n\t\t\t\t<div class=\"elementor-column elementor-col-33 elementor-top-column elementor-element elementor-element-f1a7e2e\" data-id=\"f1a7e2e\" data-element_type=\"column\">\n\t\t\t<div class=\"elementor-widget-wrap elementor-element-populated\">\n\t\t\t\t\t\t\t\t<div class=\"elementor-element elementor-element-db26c5b elementor-widget elementor-widget-image\" data-id=\"db26c5b\" data-element_type=\"widget\" data-widget_type=\"image.default\">\n\t\t\t\t<div class=\"elementor-widget-container\">\n\t\t\t\t\t\t\t\t\t\t\t\t\t\t\t<img decoding=\"async\" width=\"950\" height=\"633\" src=\"https:\/\/soodermaria.org\/v1\/wp-content\/uploads\/2023\/12\/WhatsApp-Image-2023-12-11-at-19.40.08-1024x682.jpeg\" class=\"attachment-large size-large wp-image-8541\" alt=\"\" srcset=\"https:\/\/soodermaria.org\/v1\/wp-content\/uploads\/2023\/12\/WhatsApp-Image-2023-12-11-at-19.40.08-1024x682.jpeg 1024w, https:\/\/soodermaria.org\/v1\/wp-content\/uploads\/2023\/12\/WhatsApp-Image-2023-12-11-at-19.40.08-300x200.jpeg 300w, https:\/\/soodermaria.org\/v1\/wp-content\/uploads\/2023\/12\/WhatsApp-Image-2023-12-11-at-19.40.08-1536x1023.jpeg 1536w, https:\/\/soodermaria.org\/v1\/wp-content\/uploads\/2023\/12\/WhatsApp-Image-2023-12-11-at-19.40.08.jpeg 1600w\" sizes=\"100vw\" \/>\t\t\t\t\t\t\t\t\t\t\t\t\t\t\t<\/div>\n\t\t\t\t<\/div>\n\t\t\t\t<div class=\"elementor-element elementor-element-2ae9ec0 elementor-widget elementor-widget-heading\" data-id=\"2ae9ec0\" data-element_type=\"widget\" data-widget_type=\"heading.default\">\n\t\t\t\t<div class=\"elementor-widget-container\">\n\t\t\t<h4 class=\"elementor-heading-title elementor-size-default\">3\u00aa edi\u00e7\u00e3o da Vig\u00edlia Luz Divina far\u00e1 parte do Especial de final de ano da TV Verdes Mares<\/h4>\t\t<\/div>\n\t\t\t\t<\/div>\n\t\t\t\t<div class=\"elementor-element elementor-element-6442e12 elementor-widget elementor-widget-text-editor\" data-id=\"6442e12\" data-element_type=\"widget\" data-widget_type=\"text-editor.default\">\n\t\t\t\t<div class=\"elementor-widget-container\">\n\t\t\t\t\t\t\t<p>Uma Vig\u00edlia de louvor, devo\u00e7\u00e3o a Deus e transforma\u00e7\u00e3o espiritual: \u00e9 assim que o Luz Divina se apresenta. Realizado pela mission\u00e1ria Maria Sooder, o evento est\u00e1 na sua 3\u00aa edi\u00e7\u00e3o e ser\u00e1 transmitido na noite do dia 30 de dezembro, durante o especial de&#8230;.<\/p>\t\t\t\t\t\t<\/div>\n\t\t\t\t<\/div>\n\t\t\t\t<div class=\"elementor-element elementor-element-ade841c elementor-button-info elementor-align-center elementor-mobile-align-center elementor-widget elementor-widget-button\" data-id=\"ade841c\" data-element_type=\"widget\" data-widget_type=\"button.default\">\n\t\t\t\t<div class=\"elementor-widget-container\">\n\t\t\t\t\t<div class=\"elementor-button-wrapper\">\n\t\t\t<a class=\"elementor-button elementor-button-link elementor-size-md\" href=\"https:\/\/soodermaria.org\/v1\/pt\/3a-edicao-da-vigilia-luz-divina-fara-parte-do-especial-de-final-de-ano-da-tv-verdes-mares\/\">\n\t\t\t\t\t\t<span class=\"elementor-button-content-wrapper\">\n\t\t\t\t\t\t<span class=\"elementor-button-text\">Saiba Mais<\/span>\n\t\t<\/span>\n\t\t\t\t\t<\/a>\n\t\t<\/div>\n\t\t\t\t<\/div>\n\t\t\t\t<\/div>\n\t\t\t\t\t<\/div>\n\t\t<\/div>\n\t\t\t\t\t\t\t<\/div>\n\t\t<\/section>\n\t\t\t\t<section class=\"elementor-section elementor-top-section elementor-element elementor-element-641f121 elementor-section-boxed elementor-section-height-default elementor-section-height-default\" data-id=\"641f121\" data-element_type=\"section\">\n\t\t\t\t\t\t<div class=\"elementor-container elementor-column-gap-default\">\n\t\t\t\t\t<div class=\"elementor-column elementor-col-33 elementor-top-column elementor-element elementor-element-a87d8d2\" data-id=\"a87d8d2\" data-element_type=\"column\">\n\t\t\t<div class=\"elementor-widget-wrap elementor-element-populated\">\n\t\t\t\t\t\t\t\t<div class=\"elementor-element elementor-element-7b33fcc elementor-widget elementor-widget-image\" data-id=\"7b33fcc\" data-element_type=\"widget\" data-widget_type=\"image.default\">\n\t\t\t\t<div class=\"elementor-widget-container\">\n\t\t\t\t\t\t\t\t\t\t\t\t\t\t\t<img loading=\"lazy\" decoding=\"async\" width=\"950\" height=\"634\" src=\"https:\/\/soodermaria.org\/v1\/wp-content\/uploads\/2023\/12\/WhatsApp-Image-2023-12-11-at-14.27.04-1024x683.jpeg\" class=\"attachment-large size-large wp-image-9205\" alt=\"\" srcset=\"https:\/\/soodermaria.org\/v1\/wp-content\/uploads\/2023\/12\/WhatsApp-Image-2023-12-11-at-14.27.04-1024x683.jpeg 1024w, https:\/\/soodermaria.org\/v1\/wp-content\/uploads\/2023\/12\/WhatsApp-Image-2023-12-11-at-14.27.04-300x200.jpeg 300w, https:\/\/soodermaria.org\/v1\/wp-content\/uploads\/2023\/12\/WhatsApp-Image-2023-12-11-at-14.27.04.jpeg 1200w\" sizes=\"100vw\" \/>\t\t\t\t\t\t\t\t\t\t\t\t\t\t\t<\/div>\n\t\t\t\t<\/div>\n\t\t\t\t<div class=\"elementor-element elementor-element-e684707 elementor-widget elementor-widget-heading\" data-id=\"e684707\" data-element_type=\"widget\" data-widget_type=\"heading.default\">\n\t\t\t\t<div class=\"elementor-widget-container\">\n\t\t\t<h4 class=\"elementor-heading-title elementor-size-default\">Funda\u00e7\u200b\u00e3o Sooder Maria realiza Natal de rua na comunidade Jardim do Amor em Caucaia<\/h4>\t\t<\/div>\n\t\t\t\t<\/div>\n\t\t\t\t<div class=\"elementor-element elementor-element-ae3e744 elementor-widget elementor-widget-text-editor\" data-id=\"ae3e744\" data-element_type=\"widget\" data-widget_type=\"text-editor.default\">\n\t\t\t\t<div class=\"elementor-widget-container\">\n\t\t\t\t\t\t\t<p>A Funda\u00e7\u00e3o Sooder Maria realizou a abertura do Natal especial da funda\u00e7\u00e3o que vem encantando a comunidade do Jardim do Amor, em Caucaia, ao longo dos \u00faltimos anos&#8230;<\/p><p>\u00a0<\/p>\t\t\t\t\t\t<\/div>\n\t\t\t\t<\/div>\n\t\t\t\t<div class=\"elementor-element elementor-element-a51a1e7 elementor-button-info elementor-align-center elementor-mobile-align-center elementor-widget elementor-widget-button\" data-id=\"a51a1e7\" data-element_type=\"widget\" data-widget_type=\"button.default\">\n\t\t\t\t<div class=\"elementor-widget-container\">\n\t\t\t\t\t<div class=\"elementor-button-wrapper\">\n\t\t\t<a class=\"elementor-button elementor-button-link elementor-size-md\" href=\"https:\/\/soodermaria.org\/v1\/pt\/fundacao-sooder-maria-realiza-natal-de-rua-na-comunidade-jardim-do-amor-em-caucaia\/\">\n\t\t\t\t\t\t<span class=\"elementor-button-content-wrapper\">\n\t\t\t\t\t\t<span class=\"elementor-button-text\">Saiba Mais<\/span>\n\t\t<\/span>\n\t\t\t\t\t<\/a>\n\t\t<\/div>\n\t\t\t\t<\/div>\n\t\t\t\t<\/div>\n\t\t\t\t\t<\/div>\n\t\t<\/div>\n\t\t\t\t<div class=\"elementor-column elementor-col-33 elementor-top-column elementor-element elementor-element-867f1ed\" data-id=\"867f1ed\" data-element_type=\"column\">\n\t\t\t<div class=\"elementor-widget-wrap\">\n\t\t\t\t\t\t\t\t\t<\/div>\n\t\t<\/div>\n\t\t\t\t<div class=\"elementor-column elementor-col-33 elementor-top-column elementor-element elementor-element-44c0931\" data-id=\"44c0931\" data-element_type=\"column\">\n\t\t\t<div class=\"elementor-widget-wrap\">\n\t\t\t\t\t\t\t\t\t<\/div>\n\t\t<\/div>\n\t\t\t\t\t\t\t<\/div>\n\t\t<\/section>\n\t\t\t\t\t\t\t<\/div>\n\t\t","protected":false},"excerpt":{"rendered":"<p>Com mais de 12 horas de programa\u00e7\u00e3o, vig\u00edlia Luz Divina ter\u00e1 transmiss\u00e3o ao vivo no Youtube Evento idealizado por Maria Sooder receber\u00e1 grandes nomes da m\u00fasica gospel e contar\u00e1 com participa\u00e7\u00e3o de apresentadores da TV Globo. A 3\u00aa edi\u00e7\u00e3o da Vig\u00edlia Luz Divina, evento que reunir\u00e1 renomados artistas do cen\u00e1rio gospel nacional em um momento &hellip; <\/p>\n<p class=\"link-more\"><a href=\"https:\/\/soodermaria.org\/v1\/pt\/noticias\/\" class=\"more-link\">Read more<span class=\"screen-reader-text\"> &#8220;Not\u00edcias&#8221;<\/span><\/a><\/p>\n","protected":false},"author":2,"featured_media":0,"parent":0,"menu_order":0,"comment_status":"closed","ping_status":"closed","template":"","meta":{"om_disable_all_campaigns":false,"inline_featured_image":false,"_mi_skip_tracking":false,"_monsterinsights_sitenote_active":false,"_monsterinsights_sitenote_note":"","_monsterinsights_sitenote_category":0,"footnotes":""},"class_list":["post-8474","page","type-page","status-publish","hentry"],"aioseo_notices":[],"_links":{"self":[{"href":"https:\/\/soodermaria.org\/v1\/wp-json\/wp\/v2\/pages\/8474","targetHints":{"allow":["GET"]}}],"collection":[{"href":"https:\/\/soodermaria.org\/v1\/wp-json\/wp\/v2\/pages"}],"about":[{"href":"https:\/\/soodermaria.org\/v1\/wp-json\/wp\/v2\/types\/page"}],"author":[{"embeddable":true,"href":"https:\/\/soodermaria.org\/v1\/wp-json\/wp\/v2\/users\/2"}],"replies":[{"embeddable":true,"href":"https:\/\/soodermaria.org\/v1\/wp-json\/wp\/v2\/comments?post=8474"}],"version-history":[{"count":43,"href":"https:\/\/soodermaria.org\/v1\/wp-json\/wp\/v2\/pages\/8474\/revisions"}],"predecessor-version":[{"id":9316,"href":"https:\/\/soodermaria.org\/v1\/wp-json\/wp\/v2\/pages\/8474\/revisions\/9316"}],"wp:attachment":[{"href":"https:\/\/soodermaria.org\/v1\/wp-json\/wp\/v2\/media?parent=8474"}],"curies":[{"name":"wp","href":"https:\/\/api.w.org\/{rel}","templated":true}]}}