{"id":8497,"date":"2023-12-11T16:51:50","date_gmt":"2023-12-11T19:51:50","guid":{"rendered":"https:\/\/soodermaria.org\/v1\/?page_id=8497"},"modified":"2023-12-16T18:05:37","modified_gmt":"2023-12-16T21:05:37","slug":"3a-edicao-da-vigilia-luz-divina-fara-parte-do-especial-de-final-de-ano-da-tv-verdes-mares","status":"publish","type":"page","link":"https:\/\/soodermaria.org\/v1\/pt\/3a-edicao-da-vigilia-luz-divina-fara-parte-do-especial-de-final-de-ano-da-tv-verdes-mares\/","title":{"rendered":"3\u00aa edi\u00e7\u00e3o da Vig\u00edlia Luz Divina far\u00e1 parte do Especial de final de ano da TV Verdes Mares"},"content":{"rendered":"\t\t<div data-elementor-type=\"wp-page\" data-elementor-id=\"8497\" class=\"elementor elementor-8497\">\n\t\t\t\t\t\t\t\t\t<section class=\"elementor-section elementor-top-section elementor-element elementor-element-12e1938 elementor-section-boxed elementor-section-height-default elementor-section-height-default\" data-id=\"12e1938\" data-element_type=\"section\">\n\t\t\t\t\t\t<div class=\"elementor-container elementor-column-gap-default\">\n\t\t\t\t\t<div class=\"elementor-column elementor-col-100 elementor-top-column elementor-element elementor-element-40efb38\" data-id=\"40efb38\" data-element_type=\"column\">\n\t\t\t<div class=\"elementor-widget-wrap elementor-element-populated\">\n\t\t\t\t\t\t\t\t<div class=\"elementor-element elementor-element-69d3265 elementor-widget elementor-widget-heading\" data-id=\"69d3265\" data-element_type=\"widget\" data-widget_type=\"heading.default\">\n\t\t\t\t<div class=\"elementor-widget-container\">\n\t\t\t<style>\/*! elementor - v3.18.0 - 06-12-2023 *\/\n.elementor-heading-title{padding:0;margin:0;line-height:1}.elementor-widget-heading .elementor-heading-title[class*=elementor-size-]>a{color:inherit;font-size:inherit;line-height:inherit}.elementor-widget-heading .elementor-heading-title.elementor-size-small{font-size:15px}.elementor-widget-heading .elementor-heading-title.elementor-size-medium{font-size:19px}.elementor-widget-heading .elementor-heading-title.elementor-size-large{font-size:29px}.elementor-widget-heading .elementor-heading-title.elementor-size-xl{font-size:39px}.elementor-widget-heading .elementor-heading-title.elementor-size-xxl{font-size:59px}<\/style><h3 class=\"elementor-heading-title elementor-size-default\">3\u00aa edi\u00e7\u00e3o da Vig\u00edlia Luz Divina far\u00e1 parte do Especial de final de ano da TV Verdes Mares<\/h3>\t\t<\/div>\n\t\t\t\t<\/div>\n\t\t\t\t<div class=\"elementor-element elementor-element-19d12b9 elementor-widget-divider--view-line elementor-widget elementor-widget-divider\" data-id=\"19d12b9\" data-element_type=\"widget\" data-widget_type=\"divider.default\">\n\t\t\t\t<div class=\"elementor-widget-container\">\n\t\t\t<style>\/*! elementor - v3.18.0 - 06-12-2023 *\/\n.elementor-widget-divider{--divider-border-style:none;--divider-border-width:1px;--divider-color:#0c0d0e;--divider-icon-size:20px;--divider-element-spacing:10px;--divider-pattern-height:24px;--divider-pattern-size:20px;--divider-pattern-url:none;--divider-pattern-repeat:repeat-x}.elementor-widget-divider .elementor-divider{display:flex}.elementor-widget-divider .elementor-divider__text{font-size:15px;line-height:1;max-width:95%}.elementor-widget-divider .elementor-divider__element{margin:0 var(--divider-element-spacing);flex-shrink:0}.elementor-widget-divider .elementor-icon{font-size:var(--divider-icon-size)}.elementor-widget-divider .elementor-divider-separator{display:flex;margin:0;direction:ltr}.elementor-widget-divider--view-line_icon .elementor-divider-separator,.elementor-widget-divider--view-line_text .elementor-divider-separator{align-items:center}.elementor-widget-divider--view-line_icon .elementor-divider-separator:after,.elementor-widget-divider--view-line_icon .elementor-divider-separator:before,.elementor-widget-divider--view-line_text .elementor-divider-separator:after,.elementor-widget-divider--view-line_text .elementor-divider-separator:before{display:block;content:\"\";border-bottom:0;flex-grow:1;border-top:var(--divider-border-width) var(--divider-border-style) var(--divider-color)}.elementor-widget-divider--element-align-left .elementor-divider .elementor-divider-separator>.elementor-divider__svg:first-of-type{flex-grow:0;flex-shrink:100}.elementor-widget-divider--element-align-left .elementor-divider-separator:before{content:none}.elementor-widget-divider--element-align-left .elementor-divider__element{margin-left:0}.elementor-widget-divider--element-align-right .elementor-divider .elementor-divider-separator>.elementor-divider__svg:last-of-type{flex-grow:0;flex-shrink:100}.elementor-widget-divider--element-align-right .elementor-divider-separator:after{content:none}.elementor-widget-divider--element-align-right .elementor-divider__element{margin-right:0}.elementor-widget-divider:not(.elementor-widget-divider--view-line_text):not(.elementor-widget-divider--view-line_icon) .elementor-divider-separator{border-top:var(--divider-border-width) var(--divider-border-style) var(--divider-color)}.elementor-widget-divider--separator-type-pattern{--divider-border-style:none}.elementor-widget-divider--separator-type-pattern.elementor-widget-divider--view-line .elementor-divider-separator,.elementor-widget-divider--separator-type-pattern:not(.elementor-widget-divider--view-line) .elementor-divider-separator:after,.elementor-widget-divider--separator-type-pattern:not(.elementor-widget-divider--view-line) .elementor-divider-separator:before,.elementor-widget-divider--separator-type-pattern:not([class*=elementor-widget-divider--view]) .elementor-divider-separator{width:100%;min-height:var(--divider-pattern-height);-webkit-mask-size:var(--divider-pattern-size) 100%;mask-size:var(--divider-pattern-size) 100%;-webkit-mask-repeat:var(--divider-pattern-repeat);mask-repeat:var(--divider-pattern-repeat);background-color:var(--divider-color);-webkit-mask-image:var(--divider-pattern-url);mask-image:var(--divider-pattern-url)}.elementor-widget-divider--no-spacing{--divider-pattern-size:auto}.elementor-widget-divider--bg-round{--divider-pattern-repeat:round}.rtl .elementor-widget-divider .elementor-divider__text{direction:rtl}.e-con-inner>.elementor-widget-divider,.e-con>.elementor-widget-divider{width:var(--container-widget-width,100%);--flex-grow:var(--container-widget-flex-grow)}<\/style>\t\t<div class=\"elementor-divider\">\n\t\t\t<span class=\"elementor-divider-separator\">\n\t\t\t\t\t\t<\/span>\n\t\t<\/div>\n\t\t\t\t<\/div>\n\t\t\t\t<\/div>\n\t\t\t\t<div class=\"elementor-element elementor-element-24c3e93 elementor-widget elementor-widget-text-editor\" data-id=\"24c3e93\" data-element_type=\"widget\" data-widget_type=\"text-editor.default\">\n\t\t\t\t<div class=\"elementor-widget-container\">\n\t\t\t<style>\/*! elementor - v3.18.0 - 06-12-2023 *\/\n.elementor-widget-text-editor.elementor-drop-cap-view-stacked .elementor-drop-cap{background-color:#69727d;color:#fff}.elementor-widget-text-editor.elementor-drop-cap-view-framed .elementor-drop-cap{color:#69727d;border:3px solid;background-color:transparent}.elementor-widget-text-editor:not(.elementor-drop-cap-view-default) .elementor-drop-cap{margin-top:8px}.elementor-widget-text-editor:not(.elementor-drop-cap-view-default) .elementor-drop-cap-letter{width:1em;height:1em}.elementor-widget-text-editor .elementor-drop-cap{float:left;text-align:center;line-height:1;font-size:50px}.elementor-widget-text-editor .elementor-drop-cap-letter{display:inline-block}<\/style>\t\t\t\t<p>Veja as atra\u00e7\u00f5es da 3\u00aa edi\u00e7\u00e3o da Vig\u00edlia Luz Divina<\/p>\t\t\t\t\t\t<\/div>\n\t\t\t\t<\/div>\n\t\t\t\t\t<\/div>\n\t\t<\/div>\n\t\t\t\t\t\t\t<\/div>\n\t\t<\/section>\n\t\t\t\t<section class=\"elementor-section elementor-top-section elementor-element elementor-element-2d86397 elementor-section-boxed elementor-section-height-default elementor-section-height-default\" data-id=\"2d86397\" data-element_type=\"section\">\n\t\t\t\t\t\t<div class=\"elementor-container elementor-column-gap-default\">\n\t\t\t\t\t<div class=\"elementor-column elementor-col-100 elementor-top-column elementor-element elementor-element-ff7d288\" data-id=\"ff7d288\" data-element_type=\"column\">\n\t\t\t<div class=\"elementor-widget-wrap elementor-element-populated\">\n\t\t\t\t\t\t\t\t<div class=\"elementor-element elementor-element-4098b91 elementor-widget elementor-widget-video\" data-id=\"4098b91\" data-element_type=\"widget\" data-settings=\"{&quot;youtube_url&quot;:&quot;https:\\\/\\\/www.youtube.com\\\/watch?v=VjZOHBw8kcw&amp;ab_channel=ONGSooderMaria&quot;,&quot;autoplay&quot;:&quot;yes&quot;,&quot;video_type&quot;:&quot;youtube&quot;,&quot;controls&quot;:&quot;yes&quot;}\" data-widget_type=\"video.default\">\n\t\t\t\t<div class=\"elementor-widget-container\">\n\t\t\t<style>\/*! elementor - v3.18.0 - 06-12-2023 *\/\n.elementor-widget-video .elementor-widget-container{overflow:hidden;transform:translateZ(0)}.elementor-widget-video .elementor-wrapper{aspect-ratio:var(--video-aspect-ratio)}.elementor-widget-video .elementor-wrapper iframe,.elementor-widget-video .elementor-wrapper video{height:100%;width:100%;display:flex;border:none;background-color:#000}@supports not (aspect-ratio:1\/1){.elementor-widget-video .elementor-wrapper{position:relative;overflow:hidden;height:0;padding-bottom:calc(100% \/ var(--video-aspect-ratio))}.elementor-widget-video .elementor-wrapper iframe,.elementor-widget-video .elementor-wrapper video{position:absolute;top:0;right:0;bottom:0;left:0}}.elementor-widget-video .elementor-open-inline .elementor-custom-embed-image-overlay{position:absolute;top:0;right:0;bottom:0;left:0;background-size:cover;background-position:50%}.elementor-widget-video .elementor-custom-embed-image-overlay{cursor:pointer;text-align:center}.elementor-widget-video .elementor-custom-embed-image-overlay:hover .elementor-custom-embed-play i{opacity:1}.elementor-widget-video .elementor-custom-embed-image-overlay img{display:block;width:100%;aspect-ratio:var(--video-aspect-ratio);-o-object-fit:cover;object-fit:cover;-o-object-position:center center;object-position:center center}@supports not (aspect-ratio:1\/1){.elementor-widget-video .elementor-custom-embed-image-overlay{position:relative;overflow:hidden;height:0;padding-bottom:calc(100% \/ var(--video-aspect-ratio))}.elementor-widget-video .elementor-custom-embed-image-overlay img{position:absolute;top:0;right:0;bottom:0;left:0}}.elementor-widget-video .e-hosted-video .elementor-video{-o-object-fit:cover;object-fit:cover}.e-con-inner>.elementor-widget-video,.e-con>.elementor-widget-video{width:var(--container-widget-width);--flex-grow:var(--container-widget-flex-grow)}<\/style>\t\t<div class=\"elementor-wrapper elementor-open-inline\">\n\t\t\t<div class=\"elementor-video\"><\/div>\t\t<\/div>\n\t\t\t\t<\/div>\n\t\t\t\t<\/div>\n\t\t\t\t\t<\/div>\n\t\t<\/div>\n\t\t\t\t\t\t\t<\/div>\n\t\t<\/section>\n\t\t\t\t<section class=\"elementor-section elementor-top-section elementor-element elementor-element-0b642b0 elementor-section-boxed elementor-section-height-default elementor-section-height-default\" data-id=\"0b642b0\" data-element_type=\"section\">\n\t\t\t\t\t\t<div class=\"elementor-container elementor-column-gap-default\">\n\t\t\t\t\t<div class=\"elementor-column elementor-col-100 elementor-top-column elementor-element elementor-element-4189b48\" data-id=\"4189b48\" data-element_type=\"column\">\n\t\t\t<div class=\"elementor-widget-wrap elementor-element-populated\">\n\t\t\t\t\t\t\t\t<div class=\"elementor-element elementor-element-eee5e65 elementor-widget elementor-widget-text-editor\" data-id=\"eee5e65\" data-element_type=\"widget\" data-widget_type=\"text-editor.default\">\n\t\t\t\t<div class=\"elementor-widget-container\">\n\t\t\t\t\t\t\t<p>Uma Vig\u00edlia de louvor, devo\u00e7\u00e3o a Deus e transforma\u00e7\u00e3o espiritual: \u00e9 assim que o Luz Divina se apresenta. Realizado pela mission\u00e1ria Maria Sooder, o evento est\u00e1 na sua 3\u00aa edi\u00e7\u00e3o e ser\u00e1 transmitido na noite do dia 30 de dezembro, durante o especial de fim de ano da TV Verdes Mares.\u00a0<\/p>\t\t\t\t\t\t<\/div>\n\t\t\t\t<\/div>\n\t\t\t\t\t<\/div>\n\t\t<\/div>\n\t\t\t\t\t\t\t<\/div>\n\t\t<\/section>\n\t\t\t\t<section class=\"elementor-section elementor-top-section elementor-element elementor-element-87295ce elementor-section-boxed elementor-section-height-default elementor-section-height-default\" data-id=\"87295ce\" data-element_type=\"section\">\n\t\t\t\t\t\t<div class=\"elementor-container elementor-column-gap-default\">\n\t\t\t\t\t<div class=\"elementor-column elementor-col-33 elementor-top-column elementor-element elementor-element-2684c42\" data-id=\"2684c42\" data-element_type=\"column\">\n\t\t\t<div class=\"elementor-widget-wrap elementor-element-populated\">\n\t\t\t\t\t\t\t\t<div class=\"elementor-element elementor-element-6aa036f elementor-widget elementor-widget-text-editor\" data-id=\"6aa036f\" data-element_type=\"widget\" data-widget_type=\"text-editor.default\">\n\t\t\t\t<div class=\"elementor-widget-container\">\n\t\t\t\t\t\t\t<p>Fotos: DIVULGA\u00c7\u00c3O\/Sooder Maria<\/p>\t\t\t\t\t\t<\/div>\n\t\t\t\t<\/div>\n\t\t\t\t<div class=\"elementor-element elementor-element-e1cbcab elementor-widget elementor-widget-image\" data-id=\"e1cbcab\" data-element_type=\"widget\" data-widget_type=\"image.default\">\n\t\t\t\t<div class=\"elementor-widget-container\">\n\t\t\t<style>\/*! elementor - v3.18.0 - 06-12-2023 *\/\n.elementor-widget-image{text-align:center}.elementor-widget-image a{display:inline-block}.elementor-widget-image a img[src$=\".svg\"]{width:48px}.elementor-widget-image img{vertical-align:middle;display:inline-block}<\/style>\t\t\t\t\t\t\t\t\t\t\t\t<img fetchpriority=\"high\" decoding=\"async\" width=\"950\" height=\"634\" src=\"https:\/\/soodermaria.org\/v1\/wp-content\/uploads\/2023\/12\/WhatsApp-Image-2023-12-11-at-19.26.56-1024x683.jpeg\" class=\"attachment-large size-large wp-image-8539\" alt=\"\" srcset=\"https:\/\/soodermaria.org\/v1\/wp-content\/uploads\/2023\/12\/WhatsApp-Image-2023-12-11-at-19.26.56-1024x683.jpeg 1024w, https:\/\/soodermaria.org\/v1\/wp-content\/uploads\/2023\/12\/WhatsApp-Image-2023-12-11-at-19.26.56-300x200.jpeg 300w, https:\/\/soodermaria.org\/v1\/wp-content\/uploads\/2023\/12\/WhatsApp-Image-2023-12-11-at-19.26.56.jpeg 1080w\" sizes=\"100vw\" \/>\t\t\t\t\t\t\t\t\t\t\t\t\t\t\t<\/div>\n\t\t\t\t<\/div>\n\t\t\t\t\t<\/div>\n\t\t<\/div>\n\t\t\t\t<div class=\"elementor-column elementor-col-66 elementor-top-column elementor-element elementor-element-7a3f082\" data-id=\"7a3f082\" data-element_type=\"column\">\n\t\t\t<div class=\"elementor-widget-wrap elementor-element-populated\">\n\t\t\t\t\t\t\t\t<div class=\"elementor-element elementor-element-b1f88f8 elementor-widget elementor-widget-text-editor\" data-id=\"b1f88f8\" data-element_type=\"widget\" data-widget_type=\"text-editor.default\">\n\t\t\t\t<div class=\"elementor-widget-container\">\n\t\t\t\t\t\t\t<p>A programa\u00e7\u00e3o reunir\u00e1 grandes nomes do cen\u00e1rio gospel nacional em um momento \u00fanico de louvor, como Aline Barros, Anderson Freire, Cassiane, Midian Lima, Minist\u00e9rio Voz da Verdade, Juliano Son, Banda Trazendo a Arca, Gabriel Guedes, Banda Preto no Branco e Samuel Messias. Al\u00e9m deles, o cantor nigeriano Yinka Okeleye tamb\u00e9m se apresentar\u00e1.\u00a0<\/p>\t\t\t\t\t\t<\/div>\n\t\t\t\t<\/div>\n\t\t\t\t\t<\/div>\n\t\t<\/div>\n\t\t\t\t\t\t\t<\/div>\n\t\t<\/section>\n\t\t\t\t<section class=\"elementor-section elementor-top-section elementor-element elementor-element-d02dbc1 elementor-section-boxed elementor-section-height-default elementor-section-height-default\" data-id=\"d02dbc1\" data-element_type=\"section\">\n\t\t\t\t\t\t<div class=\"elementor-container elementor-column-gap-default\">\n\t\t\t\t\t<div class=\"elementor-column elementor-col-66 elementor-top-column elementor-element elementor-element-b153278\" data-id=\"b153278\" data-element_type=\"column\">\n\t\t\t<div class=\"elementor-widget-wrap elementor-element-populated\">\n\t\t\t\t\t\t\t\t<div class=\"elementor-element elementor-element-2bf446c elementor-widget elementor-widget-text-editor\" data-id=\"2bf446c\" data-element_type=\"widget\" data-widget_type=\"text-editor.default\">\n\t\t\t\t<div class=\"elementor-widget-container\">\n\t\t\t\t\t\t\t<p>\u00c0 frente da Funda\u00e7\u00e3o Sooder Maria, que h\u00e1 mais de 5 anos desenvolve diversos trabalhos no \u00e2mbito social, a mission\u00e1ria explica que o \u201cLuz Divina\u201d reside na uni\u00e3o por meio da devo\u00e7\u00e3o. O evento visa proporcionar um ambiente de comunh\u00e3o e acolhimento para os que participam desse momento especial.\u00a0<\/p>\t\t\t\t\t\t<\/div>\n\t\t\t\t<\/div>\n\t\t\t\t\t<\/div>\n\t\t<\/div>\n\t\t\t\t<div class=\"elementor-column elementor-col-33 elementor-top-column elementor-element elementor-element-2f2eac5\" data-id=\"2f2eac5\" data-element_type=\"column\">\n\t\t\t<div class=\"elementor-widget-wrap elementor-element-populated\">\n\t\t\t\t\t\t\t\t<div class=\"elementor-element elementor-element-a86089b elementor-widget elementor-widget-text-editor\" data-id=\"a86089b\" data-element_type=\"widget\" data-widget_type=\"text-editor.default\">\n\t\t\t\t<div class=\"elementor-widget-container\">\n\t\t\t\t\t\t\t<p>Fotos: Sooder Maria<\/p>\t\t\t\t\t\t<\/div>\n\t\t\t\t<\/div>\n\t\t\t\t<div class=\"elementor-element elementor-element-72fbbad elementor-widget elementor-widget-image\" data-id=\"72fbbad\" data-element_type=\"widget\" data-widget_type=\"image.default\">\n\t\t\t\t<div class=\"elementor-widget-container\">\n\t\t\t\t\t\t\t\t\t\t\t\t\t\t\t<img decoding=\"async\" width=\"950\" height=\"633\" src=\"https:\/\/soodermaria.org\/v1\/wp-content\/uploads\/2023\/12\/WhatsApp-Image-2023-12-11-at-19.40.08-1024x682.jpeg\" class=\"attachment-large size-large wp-image-8541\" alt=\"\" srcset=\"https:\/\/soodermaria.org\/v1\/wp-content\/uploads\/2023\/12\/WhatsApp-Image-2023-12-11-at-19.40.08-1024x682.jpeg 1024w, https:\/\/soodermaria.org\/v1\/wp-content\/uploads\/2023\/12\/WhatsApp-Image-2023-12-11-at-19.40.08-300x200.jpeg 300w, https:\/\/soodermaria.org\/v1\/wp-content\/uploads\/2023\/12\/WhatsApp-Image-2023-12-11-at-19.40.08-1536x1023.jpeg 1536w, https:\/\/soodermaria.org\/v1\/wp-content\/uploads\/2023\/12\/WhatsApp-Image-2023-12-11-at-19.40.08.jpeg 1600w\" sizes=\"100vw\" \/>\t\t\t\t\t\t\t\t\t\t\t\t\t\t\t<\/div>\n\t\t\t\t<\/div>\n\t\t\t\t\t<\/div>\n\t\t<\/div>\n\t\t\t\t\t\t\t<\/div>\n\t\t<\/section>\n\t\t\t\t<section class=\"elementor-section elementor-top-section elementor-element elementor-element-59c9e4b elementor-section-boxed elementor-section-height-default elementor-section-height-default\" data-id=\"59c9e4b\" data-element_type=\"section\">\n\t\t\t\t\t\t<div class=\"elementor-container elementor-column-gap-default\">\n\t\t\t\t\t<div class=\"elementor-column elementor-col-50 elementor-top-column elementor-element elementor-element-a0203ba\" data-id=\"a0203ba\" data-element_type=\"column\">\n\t\t\t<div class=\"elementor-widget-wrap elementor-element-populated\">\n\t\t\t\t\t\t\t\t<div class=\"elementor-element elementor-element-29c6c60 elementor-widget elementor-widget-text-editor\" data-id=\"29c6c60\" data-element_type=\"widget\" data-widget_type=\"text-editor.default\">\n\t\t\t\t<div class=\"elementor-widget-container\">\n\t\t\t\t\t\t\t<p>\u201c\u00c9 um momento de cura e liberta\u00e7\u00e3o, em que preocupa\u00e7\u00f5es se transformam em confian\u00e7a, os medos em f\u00e9 e as ang\u00fastias em esperan\u00e7a. Todos est\u00e3o convidados a participar deste encontro especial, independentemente de sua afilia\u00e7\u00e3o religiosa. Ser\u00e1 uma conex\u00e3o mais profunda com Deus e uma renova\u00e7\u00e3o espiritual que transcende qualquer fronteira\u201d, refor\u00e7a a fundadora.<\/p>\t\t\t\t\t\t<\/div>\n\t\t\t\t<\/div>\n\t\t\t\t\t<\/div>\n\t\t<\/div>\n\t\t\t\t<div class=\"elementor-column elementor-col-50 elementor-top-column elementor-element elementor-element-f4ed7fc\" data-id=\"f4ed7fc\" data-element_type=\"column\">\n\t\t\t<div class=\"elementor-widget-wrap elementor-element-populated\">\n\t\t\t\t\t\t\t\t<div class=\"elementor-element elementor-element-dc0bcc1 elementor-widget elementor-widget-text-editor\" data-id=\"dc0bcc1\" data-element_type=\"widget\" data-widget_type=\"text-editor.default\">\n\t\t\t\t<div class=\"elementor-widget-container\">\n\t\t\t\t\t\t\t<p>Fotos: Sooder Maria<\/p>\t\t\t\t\t\t<\/div>\n\t\t\t\t<\/div>\n\t\t\t\t<div class=\"elementor-element elementor-element-488c634 elementor-widget elementor-widget-image\" data-id=\"488c634\" data-element_type=\"widget\" data-widget_type=\"image.default\">\n\t\t\t\t<div class=\"elementor-widget-container\">\n\t\t\t\t\t\t\t\t\t\t\t\t\t\t\t<img decoding=\"async\" width=\"950\" height=\"634\" src=\"https:\/\/soodermaria.org\/v1\/wp-content\/uploads\/2023\/12\/WhatsApp-Image-2023-12-16-at-18.03.54-1024x683.jpeg\" class=\"attachment-large size-large wp-image-9407\" alt=\"\" srcset=\"https:\/\/soodermaria.org\/v1\/wp-content\/uploads\/2023\/12\/WhatsApp-Image-2023-12-16-at-18.03.54-1024x683.jpeg 1024w, https:\/\/soodermaria.org\/v1\/wp-content\/uploads\/2023\/12\/WhatsApp-Image-2023-12-16-at-18.03.54-300x200.jpeg 300w, https:\/\/soodermaria.org\/v1\/wp-content\/uploads\/2023\/12\/WhatsApp-Image-2023-12-16-at-18.03.54.jpeg 1080w\" sizes=\"100vw\" \/>\t\t\t\t\t\t\t\t\t\t\t\t\t\t\t<\/div>\n\t\t\t\t<\/div>\n\t\t\t\t<div class=\"elementor-element elementor-element-ad4d504 elementor-widget elementor-widget-text-editor\" data-id=\"ad4d504\" data-element_type=\"widget\" data-widget_type=\"text-editor.default\">\n\t\t\t\t<div class=\"elementor-widget-container\">\n\t\t\t\t\t\t\t\t\t\t\t\t\t<\/div>\n\t\t\t\t<\/div>\n\t\t\t\t\t<\/div>\n\t\t<\/div>\n\t\t\t\t\t\t\t<\/div>\n\t\t<\/section>\n\t\t\t\t\t\t\t<\/div>\n\t\t","protected":false},"excerpt":{"rendered":"<p>3\u00aa edi\u00e7\u00e3o da Vig\u00edlia Luz Divina far\u00e1 parte do Especial de final de ano da TV Verdes Mares Veja as atra\u00e7\u00f5es da 3\u00aa edi\u00e7\u00e3o da Vig\u00edlia Luz Divina https:\/\/www.youtube.com\/watch?v=VjZOHBw8kcw&#038;ab_channel=ONGSooderMaria Uma Vig\u00edlia de louvor, devo\u00e7\u00e3o a Deus e transforma\u00e7\u00e3o espiritual: \u00e9 assim que o Luz Divina se apresenta. Realizado pela mission\u00e1ria Maria Sooder, o evento est\u00e1 &hellip; <\/p>\n<p class=\"link-more\"><a href=\"https:\/\/soodermaria.org\/v1\/pt\/3a-edicao-da-vigilia-luz-divina-fara-parte-do-especial-de-final-de-ano-da-tv-verdes-mares\/\" class=\"more-link\">Read more<span class=\"screen-reader-text\"> &#8220;3\u00aa edi\u00e7\u00e3o da Vig\u00edlia Luz Divina far\u00e1 parte do Especial de final de ano da TV Verdes Mares&#8221;<\/span><\/a><\/p>\n","protected":false},"author":2,"featured_media":0,"parent":0,"menu_order":0,"comment_status":"closed","ping_status":"closed","template":"","meta":{"om_disable_all_campaigns":false,"inline_featured_image":false,"_mi_skip_tracking":false,"_monsterinsights_sitenote_active":false,"_monsterinsights_sitenote_note":"","_monsterinsights_sitenote_category":0,"footnotes":""},"class_list":["post-8497","page","type-page","status-publish","hentry"],"aioseo_notices":[],"_links":{"self":[{"href":"https:\/\/soodermaria.org\/v1\/wp-json\/wp\/v2\/pages\/8497","targetHints":{"allow":["GET"]}}],"collection":[{"href":"https:\/\/soodermaria.org\/v1\/wp-json\/wp\/v2\/pages"}],"about":[{"href":"https:\/\/soodermaria.org\/v1\/wp-json\/wp\/v2\/types\/page"}],"author":[{"embeddable":true,"href":"https:\/\/soodermaria.org\/v1\/wp-json\/wp\/v2\/users\/2"}],"replies":[{"embeddable":true,"href":"https:\/\/soodermaria.org\/v1\/wp-json\/wp\/v2\/comments?post=8497"}],"version-history":[{"count":78,"href":"https:\/\/soodermaria.org\/v1\/wp-json\/wp\/v2\/pages\/8497\/revisions"}],"predecessor-version":[{"id":9410,"href":"https:\/\/soodermaria.org\/v1\/wp-json\/wp\/v2\/pages\/8497\/revisions\/9410"}],"wp:attachment":[{"href":"https:\/\/soodermaria.org\/v1\/wp-json\/wp\/v2\/media?parent=8497"}],"curies":[{"name":"wp","href":"https:\/\/api.w.org\/{rel}","templated":true}]}}