{"id":8675,"date":"2023-12-12T00:05:46","date_gmt":"2023-12-12T03:05:46","guid":{"rendered":"https:\/\/soodermaria.org\/v1\/?page_id=8675"},"modified":"2023-12-12T00:07:21","modified_gmt":"2023-12-12T03:07:21","slug":"about-us-2","status":"publish","type":"page","link":"https:\/\/soodermaria.org\/v1\/en\/about-us-2\/","title":{"rendered":"About Us"},"content":{"rendered":"\t\t<div data-elementor-type=\"wp-page\" data-elementor-id=\"8675\" class=\"elementor elementor-8675\">\n\t\t\t\t\t\t\t\t\t<section class=\"elementor-section elementor-top-section elementor-element elementor-element-574a743d elementor-section-content-top elementor-section-boxed elementor-section-height-default elementor-section-height-default\" data-id=\"574a743d\" data-element_type=\"section\">\n\t\t\t\t\t\t<div class=\"elementor-container elementor-column-gap-default\">\n\t\t\t\t\t<div class=\"elementor-column elementor-col-33 elementor-top-column elementor-element elementor-element-3c0db1f2\" data-id=\"3c0db1f2\" data-element_type=\"column\">\n\t\t\t<div class=\"elementor-widget-wrap elementor-element-populated\">\n\t\t\t\t\t\t\t\t<div class=\"elementor-element elementor-element-563441d3 elementor-widget elementor-widget-image\" data-id=\"563441d3\" data-element_type=\"widget\" data-widget_type=\"image.default\">\n\t\t\t\t<div class=\"elementor-widget-container\">\n\t\t\t<style>\/*! elementor - v3.18.0 - 06-12-2023 *\/\n.elementor-widget-image{text-align:center}.elementor-widget-image a{display:inline-block}.elementor-widget-image a img[src$=\".svg\"]{width:48px}.elementor-widget-image img{vertical-align:middle;display:inline-block}<\/style>\t\t\t\t\t\t\t\t\t\t\t\t<img fetchpriority=\"high\" decoding=\"async\" width=\"950\" height=\"534\" src=\"https:\/\/soodermaria.org\/v1\/wp-content\/uploads\/2023\/12\/IAMGE_01-SooderMaria-AC-1024x576.jpg\" class=\"attachment-large size-large wp-image-6113\" alt=\"\" srcset=\"https:\/\/soodermaria.org\/v1\/wp-content\/uploads\/2023\/12\/IAMGE_01-SooderMaria-AC-1024x576.jpg 1024w, https:\/\/soodermaria.org\/v1\/wp-content\/uploads\/2023\/12\/IAMGE_01-SooderMaria-AC-300x169.jpg 300w, https:\/\/soodermaria.org\/v1\/wp-content\/uploads\/2023\/12\/IAMGE_01-SooderMaria-AC-600x337.jpg 600w, https:\/\/soodermaria.org\/v1\/wp-content\/uploads\/2023\/12\/IAMGE_01-SooderMaria-AC.jpg 1366w\" sizes=\"100vw\" \/>\t\t\t\t\t\t\t\t\t\t\t\t\t\t\t<\/div>\n\t\t\t\t<\/div>\n\t\t\t\t\t<\/div>\n\t\t<\/div>\n\t\t\t\t<div class=\"elementor-column elementor-col-66 elementor-top-column elementor-element elementor-element-7e63cf98\" data-id=\"7e63cf98\" data-element_type=\"column\">\n\t\t\t<div class=\"elementor-widget-wrap elementor-element-populated\">\n\t\t\t\t\t\t\t\t<div class=\"elementor-element elementor-element-6dd0e7e5 elementor-widget elementor-widget-text-editor\" data-id=\"6dd0e7e5\" data-element_type=\"widget\" data-widget_type=\"text-editor.default\">\n\t\t\t\t<div class=\"elementor-widget-container\">\n\t\t\t<style>\/*! elementor - v3.18.0 - 06-12-2023 *\/\n.elementor-widget-text-editor.elementor-drop-cap-view-stacked .elementor-drop-cap{background-color:#69727d;color:#fff}.elementor-widget-text-editor.elementor-drop-cap-view-framed .elementor-drop-cap{color:#69727d;border:3px solid;background-color:transparent}.elementor-widget-text-editor:not(.elementor-drop-cap-view-default) .elementor-drop-cap{margin-top:8px}.elementor-widget-text-editor:not(.elementor-drop-cap-view-default) .elementor-drop-cap-letter{width:1em;height:1em}.elementor-widget-text-editor .elementor-drop-cap{float:left;text-align:center;line-height:1;font-size:50px}.elementor-widget-text-editor .elementor-drop-cap-letter{display:inline-block}<\/style>\t\t\t\t<h4 style=\"text-align: justify;\"><span style=\"color: #5556a2; font-family: Roboto, Helvetica, Arial, Lucida, sans-serif; font-size: medium;\"><span style=\"font-weight: 400;\">A ONG Sooder Maria \u00e9 uma organiza\u00e7\u00e3o internacional n\u00e3o governamental e sem fins lucrativos que trabalha na promo\u00e7\u00e3o de a\u00e7\u00f5es sociais e humanit\u00e1rias.\u00a0<\/span><\/span><\/h4><h4 style=\"text-align: justify;\"><span style=\"color: #5556a2; font-family: Roboto, Helvetica, Arial, Lucida, sans-serif; font-size: medium;\"><span style=\"font-weight: 400;\">Os trabalhos come\u00e7aram em 2015 com o projeto Miseric\u00f3rdia, Caridade e Igualdade pela cearense Maria do Socorro Martins Sooder, residente em Zurique, Su\u00ed\u00e7a, que desde ent\u00e3o vem atuando em diversos continentes, criando uma corrente do bem pelo mundo e incentivando caridade e o amor ao pr\u00f3ximo.\u00a0<\/span><\/span><\/h4>\t\t\t\t\t\t<\/div>\n\t\t\t\t<\/div>\n\t\t\t\t\t<\/div>\n\t\t<\/div>\n\t\t\t\t\t\t\t<\/div>\n\t\t<\/section>\n\t\t\t\t<section class=\"elementor-section elementor-top-section elementor-element elementor-element-81a0022 elementor-section-boxed elementor-section-height-default elementor-section-height-default\" data-id=\"81a0022\" data-element_type=\"section\">\n\t\t\t\t\t\t<div class=\"elementor-container elementor-column-gap-default\">\n\t\t\t\t\t<div class=\"elementor-column elementor-col-100 elementor-top-column elementor-element elementor-element-2d3164a2\" data-id=\"2d3164a2\" data-element_type=\"column\">\n\t\t\t<div class=\"elementor-widget-wrap elementor-element-populated\">\n\t\t\t\t\t\t\t\t<div class=\"elementor-element elementor-element-6d85157d elementor-widget elementor-widget-spacer\" data-id=\"6d85157d\" data-element_type=\"widget\" data-widget_type=\"spacer.default\">\n\t\t\t\t<div class=\"elementor-widget-container\">\n\t\t\t<style>\/*! elementor - v3.18.0 - 06-12-2023 *\/\n.elementor-column .elementor-spacer-inner{height:var(--spacer-size)}.e-con{--container-widget-width:100%}.e-con-inner>.elementor-widget-spacer,.e-con>.elementor-widget-spacer{width:var(--container-widget-width,var(--spacer-size));--align-self:var(--container-widget-align-self,initial);--flex-shrink:0}.e-con-inner>.elementor-widget-spacer>.elementor-widget-container,.e-con>.elementor-widget-spacer>.elementor-widget-container{height:100%;width:100%}.e-con-inner>.elementor-widget-spacer>.elementor-widget-container>.elementor-spacer,.e-con>.elementor-widget-spacer>.elementor-widget-container>.elementor-spacer{height:100%}.e-con-inner>.elementor-widget-spacer>.elementor-widget-container>.elementor-spacer>.elementor-spacer-inner,.e-con>.elementor-widget-spacer>.elementor-widget-container>.elementor-spacer>.elementor-spacer-inner{height:var(--container-widget-height,var(--spacer-size))}.e-con-inner>.elementor-widget-spacer.elementor-widget-empty,.e-con>.elementor-widget-spacer.elementor-widget-empty{position:relative;min-height:22px;min-width:22px}.e-con-inner>.elementor-widget-spacer.elementor-widget-empty .elementor-widget-empty-icon,.e-con>.elementor-widget-spacer.elementor-widget-empty .elementor-widget-empty-icon{position:absolute;top:0;bottom:0;left:0;right:0;margin:auto;padding:0;width:22px;height:22px}<\/style>\t\t<div class=\"elementor-spacer\">\n\t\t\t<div class=\"elementor-spacer-inner\"><\/div>\n\t\t<\/div>\n\t\t\t\t<\/div>\n\t\t\t\t<\/div>\n\t\t\t\t\t<\/div>\n\t\t<\/div>\n\t\t\t\t\t\t\t<\/div>\n\t\t<\/section>\n\t\t\t\t<section class=\"elementor-section elementor-top-section elementor-element elementor-element-3ab99cff elementor-section-boxed elementor-section-height-default elementor-section-height-default\" data-id=\"3ab99cff\" data-element_type=\"section\">\n\t\t\t\t\t\t<div class=\"elementor-container elementor-column-gap-default\">\n\t\t\t\t\t<div class=\"elementor-column elementor-col-66 elementor-top-column elementor-element elementor-element-51a6ca13\" data-id=\"51a6ca13\" data-element_type=\"column\">\n\t\t\t<div class=\"elementor-widget-wrap elementor-element-populated\">\n\t\t\t\t\t\t\t\t<div class=\"elementor-element elementor-element-583cd86c elementor-widget elementor-widget-text-editor\" data-id=\"583cd86c\" data-element_type=\"widget\" data-widget_type=\"text-editor.default\">\n\t\t\t\t<div class=\"elementor-widget-container\">\n\t\t\t\t\t\t\t<h4 style=\"margin-bottom: 0px; padding-bottom: 1em; background-image: initial; background-position: initial; background-size: initial; background-repeat: initial; background-attachment: initial; background-origin: initial; background-clip: initial; border: 0px; outline: 0px; text-size-adjust: 100%; vertical-align: baseline; text-align: left;\"><span style=\"font-weight: 400; color: #5556a2; font-family: Roboto, Helvetica, Arial, Lucida, sans-serif; font-size: medium;\">Em 5 de outubro de 2018, foi dada entrada no pedido de oficializa\u00e7\u00e3o de registro em Zurique, seguindo todos os protocolos e par\u00e2metros su\u00ed\u00e7os. Em 30 de abril de 2019, a nossa institui\u00e7\u00e3o foi reconhecida oficialmente pelos \u00f3rg\u00e3os p\u00fablicos da Su\u00ed\u00e7a.\u00a0<\/span><\/h4><h4 style=\"margin-bottom: 0px; padding-bottom: 1em; background-image: initial; background-position: initial; background-size: initial; background-repeat: initial; background-attachment: initial; background-origin: initial; background-clip: initial; border: 0px; outline: 0px; text-size-adjust: 100%; vertical-align: baseline; text-align: left;\"><span style=\"color: #5556a2; font-family: Roboto, Helvetica, Arial, Lucida, sans-serif; font-size: medium;\"><span style=\"font-weight: 400;\">A mesa diretora conta com a Presidente Maria Sooder, o Vice-Presidente Peter Andreas Schaub, a Advogada e Secret\u00e1ria internacional Simone Gessner e o Jornalista e Secret\u00e1rio de Comunica\u00e7\u00e3o Arthur Catunda.\u00a0<\/span><\/span><\/h4><h4 style=\"margin-bottom: 0px; padding-bottom: 1em; background-image: initial; background-position: initial; background-size: initial; background-repeat: initial; background-attachment: initial; background-origin: initial; background-clip: initial; border: 0px; outline: 0px; text-size-adjust: 100%; vertical-align: baseline; text-align: left;\"><span style=\"color: #5556a2; font-family: Roboto, Helvetica, Arial, Lucida, sans-serif; font-size: medium;\"><span style=\"font-weight: 400;\">Atualmente, a organiza\u00e7\u00e3o conta com duas sedes: uma no Brasil, localizada em Caucaia, no Estado do Cear\u00e1, e a outra em Zurique, na Su\u00ed\u00e7a.<\/span><\/span><\/h4>\t\t\t\t\t\t<\/div>\n\t\t\t\t<\/div>\n\t\t\t\t\t<\/div>\n\t\t<\/div>\n\t\t\t\t<div class=\"elementor-column elementor-col-33 elementor-top-column elementor-element elementor-element-5351fbe9\" data-id=\"5351fbe9\" data-element_type=\"column\">\n\t\t\t<div class=\"elementor-widget-wrap elementor-element-populated\">\n\t\t\t\t\t\t\t\t<div class=\"elementor-element elementor-element-4c1b63af elementor-widget__width-initial elementor-widget elementor-widget-image\" data-id=\"4c1b63af\" data-element_type=\"widget\" data-widget_type=\"image.default\">\n\t\t\t\t<div class=\"elementor-widget-container\">\n\t\t\t\t\t\t\t\t\t\t\t\t\t\t\t<img decoding=\"async\" width=\"750\" height=\"506\" src=\"https:\/\/soodermaria.org\/v1\/wp-content\/uploads\/2023\/12\/42440402_544153109372292_6478197177716889631_n-1-e1613056491658.jpg\" class=\"attachment-large size-large wp-image-6114\" alt=\"\" srcset=\"https:\/\/soodermaria.org\/v1\/wp-content\/uploads\/2023\/12\/42440402_544153109372292_6478197177716889631_n-1-e1613056491658.jpg 750w, https:\/\/soodermaria.org\/v1\/wp-content\/uploads\/2023\/12\/42440402_544153109372292_6478197177716889631_n-1-e1613056491658-300x202.jpg 300w, https:\/\/soodermaria.org\/v1\/wp-content\/uploads\/2023\/12\/42440402_544153109372292_6478197177716889631_n-1-e1613056491658-600x405.jpg 600w\" sizes=\"100vw\" \/>\t\t\t\t\t\t\t\t\t\t\t\t\t\t\t<\/div>\n\t\t\t\t<\/div>\n\t\t\t\t\t<\/div>\n\t\t<\/div>\n\t\t\t\t\t\t\t<\/div>\n\t\t<\/section>\n\t\t\t\t\t\t\t<\/div>\n\t\t","protected":false},"excerpt":{"rendered":"<p>A ONG Sooder Maria \u00e9 uma organiza\u00e7\u00e3o internacional n\u00e3o governamental e sem fins lucrativos que trabalha na promo\u00e7\u00e3o de a\u00e7\u00f5es sociais e humanit\u00e1rias.\u00a0 Os trabalhos come\u00e7aram em 2015 com o projeto Miseric\u00f3rdia, Caridade e Igualdade pela cearense Maria do Socorro Martins Sooder, residente em Zurique, Su\u00ed\u00e7a, que desde ent\u00e3o vem atuando em diversos continentes, criando &hellip; <\/p>\n<p class=\"link-more\"><a href=\"https:\/\/soodermaria.org\/v1\/en\/about-us-2\/\" class=\"more-link\">Read more<span class=\"screen-reader-text\"> &#8220;About Us&#8221;<\/span><\/a><\/p>\n","protected":false},"author":2,"featured_media":0,"parent":0,"menu_order":0,"comment_status":"closed","ping_status":"closed","template":"","meta":{"om_disable_all_campaigns":false,"inline_featured_image":false,"_mi_skip_tracking":false,"_monsterinsights_sitenote_active":false,"_monsterinsights_sitenote_note":"","_monsterinsights_sitenote_category":0,"footnotes":""},"class_list":["post-8675","page","type-page","status-publish","hentry"],"aioseo_notices":[],"_links":{"self":[{"href":"https:\/\/soodermaria.org\/v1\/wp-json\/wp\/v2\/pages\/8675","targetHints":{"allow":["GET"]}}],"collection":[{"href":"https:\/\/soodermaria.org\/v1\/wp-json\/wp\/v2\/pages"}],"about":[{"href":"https:\/\/soodermaria.org\/v1\/wp-json\/wp\/v2\/types\/page"}],"author":[{"embeddable":true,"href":"https:\/\/soodermaria.org\/v1\/wp-json\/wp\/v2\/users\/2"}],"replies":[{"embeddable":true,"href":"https:\/\/soodermaria.org\/v1\/wp-json\/wp\/v2\/comments?post=8675"}],"version-history":[{"count":4,"href":"https:\/\/soodermaria.org\/v1\/wp-json\/wp\/v2\/pages\/8675\/revisions"}],"predecessor-version":[{"id":8679,"href":"https:\/\/soodermaria.org\/v1\/wp-json\/wp\/v2\/pages\/8675\/revisions\/8679"}],"wp:attachment":[{"href":"https:\/\/soodermaria.org\/v1\/wp-json\/wp\/v2\/media?parent=8675"}],"curies":[{"name":"wp","href":"https:\/\/api.w.org\/{rel}","templated":true}]}}